{"id":3,"date":"2020-08-24T09:43:06","date_gmt":"2020-08-24T09:43:06","guid":{"rendered":"https:\/\/ceipclaracampoamormalaga.es\/?page_id=3"},"modified":"2026-01-20T11:07:15","modified_gmt":"2026-01-20T11:07:15","slug":"privacy-policy","status":"publish","type":"page","link":"https:\/\/ceipclaracampoamormalaga.es\/","title":{"rendered":"Portada."},"content":{"rendered":"\n<div class=\"wp-block-group\"><div class=\"wp-block-group__inner-container is-layout-flow wp-block-group-is-layout-flow\">\n<figure class=\"wp-block-image size-large is-resized\"><a href=\"https:\/\/calendly.com\/ceipclaracampoamormalaga\/10min\"><img loading=\"lazy\" decoding=\"async\" width=\"474\" height=\"125\" src=\"https:\/\/ceipclaracampoamormalaga.es\/wp-content\/uploads\/2021\/01\/citaprevia-1.png\" alt=\"\" class=\"wp-image-543\" style=\"width:264px;height:65px\" srcset=\"https:\/\/ceipclaracampoamormalaga.es\/wp-content\/uploads\/2021\/01\/citaprevia-1.png 474w, https:\/\/ceipclaracampoamormalaga.es\/wp-content\/uploads\/2021\/01\/citaprevia-1-300x79.png 300w\" sizes=\"auto, (max-width: 474px) 100vw, 474px\" \/><\/a><\/figure>\n\n\n\n<p><strong><a href=\"https:\/\/ceipclaracampoamormalaga.es\/wp-content\/uploads\/2025\/11\/RICE.pdf\">Ficha informativa de centro: Solicitud de colaboraci\u00f3n. (RICE).<\/a><\/strong><\/p>\n\n\n\n<p><strong>D\u00eda 16 de Febrero del 2026<\/strong>: Jornadas de puertas abiertas a las 16:00 Horas.<\/p>\n\n\n\n<div class=\"wp-block-columns is-layout-flex wp-container-core-columns-is-layout-1 wp-block-columns-is-layout-flex\">\n<div class=\"wp-block-column is-layout-flow wp-block-column-is-layout-flow\">\n<figure class=\"wp-block-image size-full is-resized\"><img loading=\"lazy\" decoding=\"async\" width=\"640\" height=\"906\" src=\"https:\/\/ceipclaracampoamormalaga.es\/wp-content\/uploads\/2023\/06\/cartel-fondo-social-1.jpg\" alt=\"\" class=\"wp-image-907\" style=\"aspect-ratio:0.7064017660044151;width:208px;height:auto\" srcset=\"https:\/\/ceipclaracampoamormalaga.es\/wp-content\/uploads\/2023\/06\/cartel-fondo-social-1.jpg 640w, https:\/\/ceipclaracampoamormalaga.es\/wp-content\/uploads\/2023\/06\/cartel-fondo-social-1-212x300.jpg 212w\" sizes=\"auto, (max-width: 640px) 100vw, 640px\" \/><\/figure>\n<\/div>\n\n\n\n<div class=\"wp-block-column is-layout-flow wp-block-column-is-layout-flow\">\n<figure class=\"wp-block-image size-full is-resized\"><img loading=\"lazy\" decoding=\"async\" width=\"800\" height=\"400\" src=\"https:\/\/ceipclaracampoamormalaga.es\/wp-content\/uploads\/2023\/06\/Logo-PROA-1.jpg\" alt=\"\" class=\"wp-image-908\" style=\"aspect-ratio:2;width:216px;height:auto\" srcset=\"https:\/\/ceipclaracampoamormalaga.es\/wp-content\/uploads\/2023\/06\/Logo-PROA-1.jpg 800w, https:\/\/ceipclaracampoamormalaga.es\/wp-content\/uploads\/2023\/06\/Logo-PROA-1-300x150.jpg 300w, https:\/\/ceipclaracampoamormalaga.es\/wp-content\/uploads\/2023\/06\/Logo-PROA-1-768x384.jpg 768w, https:\/\/ceipclaracampoamormalaga.es\/wp-content\/uploads\/2023\/06\/Logo-PROA-1-500x250.jpg 500w\" sizes=\"auto, (max-width: 800px) 100vw, 800px\" \/><\/figure>\n\n\n\n<figure class=\"wp-block-image size-large\"><img loading=\"lazy\" decoding=\"async\" width=\"1024\" height=\"576\" src=\"https:\/\/ceipclaracampoamormalaga.es\/wp-content\/uploads\/2025\/05\/Golf-1-1024x576.jpg\" alt=\"\" class=\"wp-image-1199\" srcset=\"https:\/\/ceipclaracampoamormalaga.es\/wp-content\/uploads\/2025\/05\/Golf-1-1024x576.jpg 1024w, https:\/\/ceipclaracampoamormalaga.es\/wp-content\/uploads\/2025\/05\/Golf-1-300x169.jpg 300w, https:\/\/ceipclaracampoamormalaga.es\/wp-content\/uploads\/2025\/05\/Golf-1-768x432.jpg 768w, https:\/\/ceipclaracampoamormalaga.es\/wp-content\/uploads\/2025\/05\/Golf-1-500x281.jpg 500w, https:\/\/ceipclaracampoamormalaga.es\/wp-content\/uploads\/2025\/05\/Golf-1.jpg 1280w\" sizes=\"auto, (max-width: 1024px) 100vw, 1024px\" \/><\/figure>\n\n\n\n<blockquote class=\"wp-block-quote is-layout-flow wp-block-quote-is-layout-flow\">\n<h2 class=\"wp-block-heading\"><a href=\"https:\/\/youtu.be\/Pn_nl_9mBXQ\" target=\"_blank\" rel=\"noreferrer noopener\">Video 1<\/a><\/h2>\n\n\n\n<h2 class=\"wp-block-heading\"><a href=\"https:\/\/youtu.be\/ysgYIUPO5J0\">Video 2<\/a><\/h2>\n\n\n\n<h2 class=\"wp-block-heading\"><a href=\"https:\/\/youtu.be\/PZ_FTt_iLq0\">Video 3<\/a><\/h2>\n<\/blockquote>\n<\/div>\n\n\n\n<div class=\"wp-block-column is-layout-flow wp-block-column-is-layout-flow\">\n<figure class=\"wp-block-image size-full is-resized\"><img loading=\"lazy\" decoding=\"async\" width=\"251\" height=\"201\" src=\"https:\/\/ceipclaracampoamormalaga.es\/wp-content\/uploads\/2023\/10\/pacto-de-estado.jpg\" alt=\"\" class=\"wp-image-982\" style=\"aspect-ratio:1.2487562189054726;width:245px;height:auto\"\/><\/figure>\n<\/div>\n<\/div>\n\n\n\n<p><strong>Libros de textos curso 2025-2026.<\/strong><\/p>\n<\/div><\/div>\n\n\n\n<ol class=\"wp-block-list\">\n<li><a href=\"https:\/\/ceipclaracampoamormalaga.es\/wp-content\/uploads\/2025\/09\/Listado-de-libros-de-infantil-2025_26.pdf\">Libros de Infantil.<\/a><\/li>\n\n\n\n<li><a href=\"https:\/\/ceipclaracampoamormalaga.es\/wp-content\/uploads\/2025\/06\/Listado-de-libros-de-primaria-2025_26.pdf\">Libros de Primaria.<\/a><\/li>\n<\/ol>\n\n\n\n<p><strong>Libros de materiales curso 2025-2026.<\/strong><\/p>\n\n\n\n<ul class=\"wp-block-list\">\n<li><a href=\"https:\/\/ceipclaracampoamormalaga.es\/wp-content\/uploads\/2025\/06\/Lista-de-materiales-de-1o-de-primaria.pdf\">Listado de materiales 1\u00ba de Primaria.<\/a><\/li>\n\n\n\n<li><a href=\"https:\/\/ceipclaracampoamormalaga.es\/wp-content\/uploads\/2025\/06\/Lista-de-materiales-de-2o-de-primaria.pdf\">Listado de materiales 2\u00ba de Primaria<\/a><a href=\"https:\/\/ceipclaracampoamormalaga.es\/wp-content\/uploads\/2024\/06\/Lista-de-materiales-de-2o-de-primaria.pdf\">.<\/a><\/li>\n\n\n\n<li><a href=\"https:\/\/ceipclaracampoamormalaga.es\/wp-content\/uploads\/2025\/06\/Lista-de-materiales-de-3o-de-primaria.pdf\">Listado de materiales 3\u00ba de Primaria.<\/a><\/li>\n\n\n\n<li><a href=\"https:\/\/ceipclaracampoamormalaga.es\/wp-content\/uploads\/2025\/06\/Lista-de-materiales-de-4o-de-primaria.pdf\">Listado de materiales 4\u00ba de Primaria.<\/a><\/li>\n\n\n\n<li><a href=\"https:\/\/ceipclaracampoamormalaga.es\/wp-content\/uploads\/2025\/06\/Lista-de-materiales-de-5o-y-6o-de-primaria.pdf\">Listado de materiales 5\u00ba y 6\u00ba de Primaria.<\/a><\/li>\n<\/ul>\n\n\n<div class=\"wp-block-image\">\n<figure class=\"alignleft size-large is-resized\"><img loading=\"lazy\" decoding=\"async\" width=\"960\" height=\"720\" src=\"https:\/\/ceipclaracampoamormalaga.es\/wp-content\/uploads\/2020\/11\/Logo-Colegio-1.jpg\" alt=\"\" class=\"wp-image-362\" style=\"width:196px;height:151px\" srcset=\"https:\/\/ceipclaracampoamormalaga.es\/wp-content\/uploads\/2020\/11\/Logo-Colegio-1.jpg 960w, https:\/\/ceipclaracampoamormalaga.es\/wp-content\/uploads\/2020\/11\/Logo-Colegio-1-300x225.jpg 300w, https:\/\/ceipclaracampoamormalaga.es\/wp-content\/uploads\/2020\/11\/Logo-Colegio-1-768x576.jpg 768w, https:\/\/ceipclaracampoamormalaga.es\/wp-content\/uploads\/2020\/11\/Logo-Colegio-1-400x300.jpg 400w\" sizes=\"auto, (max-width: 960px) 100vw, 960px\" \/><\/figure><\/div>\n\n\n<p><mark style=\"background-color:rgba(0, 0, 0, 0)\" class=\"has-inline-color has-black-color\">Colegio P\u00fablico de Educaci\u00f3n Infantil y Primaria, se encuentra situado en el entorno del Parque Litoral, el Estadio de Atletismo Ciudad de M\u00e1laga, Centro Acu\u00e1tico Inacua, Ciudad de la Raqueta y Palacio de Deportes Martin Carpena.<\/mark><mark style=\"background-color:rgba(0, 0, 0, 0)\" class=\"has-inline-color has-blue-color\"><strong> <\/strong><\/mark><\/p>\n\n\n\n<h6 class=\"wp-block-heading has-blue-color has-text-color\"><mark style=\"background-color:rgba(0, 0, 0, 0)\" class=\"has-inline-color has-black-color\">El centro lo forma un m\u00f3dulo de Ed. Infantil, un m\u00f3dulo de Ed. Primaria, un m\u00f3dulo para Comedor y Cocina, Gimnasio, Pistas Deportivas, Sal\u00f3n de Usos M\u00faltiples y Biblioteca.<\/mark><\/h6>\n\n\n\n<p><a href=\"https:\/\/ceipclaracampoamormalaga.es\/wp-content\/uploads\/2023\/06\/Cartel-fondo-europeo.pdf\">Fondos europeos.<\/a><\/p>\n\n\n\n<p><a href=\"https:\/\/ceipclaracampoamormalaga.es\/wp-content\/uploads\/2024\/11\/Guia-del-buen-uso-del-movil.pdf\">Gu\u00eda del buen uso del m\u00f3vil.<\/a><\/p>\n\n\n<p><a href=\"https:\/\/ceipclaracampoamormalaga.es\/wp-content\/uploads\/2023\/05\/Protocolo-de-calor-o-altas-temperaturas.pdf\">Protocolo de calor o altas temperaturas.<\/a><\/p>\n<p><a href=\"https:\/\/ceipclaracampoamormalaga.es\/wp-content\/uploads\/2021\/01\/Protocolo-de-actuacion-en-accidentes-escolares.pdf\">Protocolo de actuaci\u00f3n en accidentes escolares.<\/a><\/p>\n<p><a href=\"https:\/\/ceipclaracampoamormalaga.es\/wp-content\/uploads\/2022\/01\/Revsion-del-protocolo-actuaciones-en-centros-docentes.pdf\">Revisi\u00f3n del Protocolo actuaciones en centros docentes.<\/a><\/p>\n<p><a href=\"https:\/\/ceipclaracampoamormalaga.es\/wp-content\/uploads\/2025\/06\/Resolucion-calendario-escolar-2025_2026-y-grafico.pdf\">Calendario escolar curso 2025\/2026.<\/a><\/p>\n<p><a href=\"https:\/\/ceipclaracampoamormalaga.es\/wp-content\/uploads\/2022\/05\/Ficha-de-Informacion-para-Auxiliares-de-Conversacion.pdf\">Ficha de informaci\u00f3n para auxiliares de conversaci\u00f3n.\u00a0<\/a><\/p>\n<p><a href=\"http:\/\/www.juntadeandalucia.es\/turismoydeporte\/publicaciones\/143324104.pdf\">Gu\u00eda de emergencias sanitarias en centros deportivos y educativos andaluces.<\/a><\/p>","protected":false},"excerpt":{"rendered":"<p>Ficha informativa de centro: Solicitud de colaboraci\u00f3n. (RICE). D\u00eda 16 de Febrero del 2026: Jornadas de puertas abiertas a las 16:00 Horas. Video 1 Video 2 Video 3 Libros de textos curso 2025-2026. Libros de materiales curso 2025-2026. Colegio P\u00fablico &hellip; <a href=\"https:\/\/ceipclaracampoamormalaga.es\/\">Sigue leyendo <span class=\"meta-nav\">&rarr;<\/span><\/a><\/p>\n","protected":false},"author":1,"featured_media":0,"parent":0,"menu_order":0,"comment_status":"closed","ping_status":"closed","template":"","meta":{"footnotes":""},"class_list":["post-3","page","type-page","status-publish","hentry"],"_links":{"self":[{"href":"https:\/\/ceipclaracampoamormalaga.es\/index.php\/wp-json\/wp\/v2\/pages\/3","targetHints":{"allow":["GET"]}}],"collection":[{"href":"https:\/\/ceipclaracampoamormalaga.es\/index.php\/wp-json\/wp\/v2\/pages"}],"about":[{"href":"https:\/\/ceipclaracampoamormalaga.es\/index.php\/wp-json\/wp\/v2\/types\/page"}],"author":[{"embeddable":true,"href":"https:\/\/ceipclaracampoamormalaga.es\/index.php\/wp-json\/wp\/v2\/users\/1"}],"replies":[{"embeddable":true,"href":"https:\/\/ceipclaracampoamormalaga.es\/index.php\/wp-json\/wp\/v2\/comments?post=3"}],"version-history":[{"count":120,"href":"https:\/\/ceipclaracampoamormalaga.es\/index.php\/wp-json\/wp\/v2\/pages\/3\/revisions"}],"predecessor-version":[{"id":1264,"href":"https:\/\/ceipclaracampoamormalaga.es\/index.php\/wp-json\/wp\/v2\/pages\/3\/revisions\/1264"}],"wp:attachment":[{"href":"https:\/\/ceipclaracampoamormalaga.es\/index.php\/wp-json\/wp\/v2\/media?parent=3"}],"curies":[{"name":"wp","href":"https:\/\/api.w.org\/{rel}","templated":true}]}}