{"id":162,"date":"2020-10-20T10:45:05","date_gmt":"2020-10-20T10:45:05","guid":{"rendered":"https:\/\/ceipclaracampoamormalaga.es\/?page_id=162"},"modified":"2024-11-28T08:29:14","modified_gmt":"2024-11-28T08:29:14","slug":"comedor-escolar","status":"publish","type":"page","link":"https:\/\/ceipclaracampoamormalaga.es\/index.php\/comedor-escolar\/","title":{"rendered":"Comedor escolar."},"content":{"rendered":"\n<p><a href=\"https:\/\/ceipclaracampoamormalaga.es\/wp-content\/uploads\/2024\/11\/Instrucciones-Catering-El-Cantaro.pdf\">Instrucciones del Catering \u00abEl Cantaro\u00bb.<\/a><\/p>\n\n\n<div class=\"wp-block-image\">\n<figure class=\"alignleft size-large\"><img loading=\"lazy\" decoding=\"async\" width=\"225\" height=\"224\" src=\"https:\/\/ceipclaracampoamormalaga.es\/wp-content\/uploads\/2020\/10\/cantaro.png\" alt=\"\" class=\"wp-image-228\" srcset=\"https:\/\/ceipclaracampoamormalaga.es\/wp-content\/uploads\/2020\/10\/cantaro.png 225w, https:\/\/ceipclaracampoamormalaga.es\/wp-content\/uploads\/2020\/10\/cantaro-150x150.png 150w\" sizes=\"auto, (max-width: 225px) 100vw, 225px\" \/><\/figure><\/div>\n\n<p>Empresa malague\u00f1a que lleva trabajando en comedores desde el a\u00f1o 2006.<\/p>\n<p>Nuestros repartos se hacen a diario en veh\u00edculos refrigerados propios. Nuestra empresa se encuentra certificada en ISO 9001, 14001, 22000 y ha obtenido el a\u00f1o pasado el sello ATX para garantizar la seguridad de personas al\u00e9rgicas o con intolerancias alimenticias.\u00a0<\/p>\n<p>Las incidencias referente al comedor (altas, bajas o d\u00edas de usos del servicio), se comunicar\u00e1 en secretar\u00eda los d\u00edas 1 al 25 de cada mes para que entren en vigor al mes siguiente.<\/p>\n<p>Para notificar la no asistencia de un alumno y\/o alumna y que pueda ser descontado del recibo de comedor, es necesario avisar como m\u00ednimo con tres d\u00edas de antelaci\u00f3n. Solamente se podr\u00e1n descontar con una antelaci\u00f3n inferior a estos 3 d\u00edas cuando el motivo de la falta sea por enfermedad y pueda justificarse.<\/p>\n<p style=\"text-align: center;\"><img loading=\"lazy\" decoding=\"async\" class=\"alignnone size-medium wp-image-238\" src=\"https:\/\/ceipclaracampoamormalaga.es\/wp-content\/uploads\/2020\/11\/cocineras-300x207.jpg\" alt=\"\" width=\"300\" height=\"207\" srcset=\"https:\/\/ceipclaracampoamormalaga.es\/wp-content\/uploads\/2020\/11\/cocineras-300x207.jpg 300w, https:\/\/ceipclaracampoamormalaga.es\/wp-content\/uploads\/2020\/11\/cocineras-435x300.jpg 435w, https:\/\/ceipclaracampoamormalaga.es\/wp-content\/uploads\/2020\/11\/cocineras.jpg 528w\" sizes=\"auto, (max-width: 300px) 100vw, 300px\" \/><\/p>\n<p>Para contactar con nosotros, para cancelar estos d\u00edas del mes en curso o si necesitan alguna aclaraci\u00f3n referente a los recibos o en caso de necesitar dieta blanda o dieta especial, la manera m\u00e1s eficaz es a trav\u00e9s del email:<\/p>\n<p style=\"text-align: center;\"><strong>recibos@cateringelcantaro.com<\/strong><\/p>\n<p>Tambi\u00e9n pueden efectuar estas gestiones, desde su p\u00e1gina web:<\/p>\n<p><strong><a href=\"http:\/\/www.cateringelcantaro.com\">www.cateringelcantaro.com<\/a>\u00a0<\/strong>en la zona padres o a trav\u00e9s de la herramienta m\u00f3vil www.cateringelcantaro\/movil, seleccionando el colegio e introduciendo su DNI. De esta manera pueden ver los d\u00edas solicitados y los importes de los recibos.<\/p>\n<p>En la web tambi\u00e9n pueden consultar las fotos de los platos del men\u00fa realizadas en un centro escolar que se cuelgan a diario a partir de las 14:00 y las plantillas de los men\u00fas mensuales.<\/p>\n<p><img loading=\"lazy\" decoding=\"async\" class=\"alignnone  wp-image-551 aligncenter\" src=\"https:\/\/ceipclaracampoamormalaga.es\/wp-content\/uploads\/2021\/02\/Reyes-Magos-300x173.jpg\" alt=\"\" width=\"440\" height=\"258\" \/><\/p>\n\n\n<p><\/p>\n","protected":false},"excerpt":{"rendered":"<p>Instrucciones del Catering \u00abEl Cantaro\u00bb. Empresa malague\u00f1a que lleva trabajando en comedores desde el a\u00f1o 2006. Nuestros repartos se hacen a diario en veh\u00edculos refrigerados propios. Nuestra empresa se encuentra certificada en ISO 9001, 14001, 22000 y ha obtenido el &hellip; <a href=\"https:\/\/ceipclaracampoamormalaga.es\/index.php\/comedor-escolar\/\">Sigue leyendo <span class=\"meta-nav\">&rarr;<\/span><\/a><\/p>\n","protected":false},"author":1,"featured_media":0,"parent":0,"menu_order":0,"comment_status":"closed","ping_status":"closed","template":"","meta":{"footnotes":""},"class_list":["post-162","page","type-page","status-publish","hentry"],"_links":{"self":[{"href":"https:\/\/ceipclaracampoamormalaga.es\/index.php\/wp-json\/wp\/v2\/pages\/162","targetHints":{"allow":["GET"]}}],"collection":[{"href":"https:\/\/ceipclaracampoamormalaga.es\/index.php\/wp-json\/wp\/v2\/pages"}],"about":[{"href":"https:\/\/ceipclaracampoamormalaga.es\/index.php\/wp-json\/wp\/v2\/types\/page"}],"author":[{"embeddable":true,"href":"https:\/\/ceipclaracampoamormalaga.es\/index.php\/wp-json\/wp\/v2\/users\/1"}],"replies":[{"embeddable":true,"href":"https:\/\/ceipclaracampoamormalaga.es\/index.php\/wp-json\/wp\/v2\/comments?post=162"}],"version-history":[{"count":13,"href":"https:\/\/ceipclaracampoamormalaga.es\/index.php\/wp-json\/wp\/v2\/pages\/162\/revisions"}],"predecessor-version":[{"id":1164,"href":"https:\/\/ceipclaracampoamormalaga.es\/index.php\/wp-json\/wp\/v2\/pages\/162\/revisions\/1164"}],"wp:attachment":[{"href":"https:\/\/ceipclaracampoamormalaga.es\/index.php\/wp-json\/wp\/v2\/media?parent=162"}],"curies":[{"name":"wp","href":"https:\/\/api.w.org\/{rel}","templated":true}]}}