{"id":158,"date":"2020-10-20T10:44:10","date_gmt":"2020-10-20T10:44:10","guid":{"rendered":"https:\/\/ceipclaracampoamormalaga.es\/?page_id=158"},"modified":"2025-09-24T08:50:50","modified_gmt":"2025-09-24T08:50:50","slug":"ampa","status":"publish","type":"page","link":"https:\/\/ceipclaracampoamormalaga.es\/index.php\/ampa\/","title":{"rendered":"AMPA."},"content":{"rendered":"\n<p><a href=\"https:\/\/ceipclaracampoamormalaga.es\/wp-content\/uploads\/2025\/09\/Documento-de-bienvenida.pdf\">Carta de presentaci\u00f3n.<\/a><\/p>\n\n\n\n<p><a href=\"https:\/\/ceipclaracampoamormalaga.es\/wp-content\/uploads\/2025\/09\/Inscripcion-SOCIOS-AMPA.pdf\">Inscripci\u00f3n socio.<\/a><\/p>\n\n\n\n<p><a href=\"https:\/\/ceipclaracampoamormalaga.es\/wp-content\/uploads\/2025\/09\/Inscripcion-cambio-de-muda-3-ANOS.pdf\">Inscripci\u00f3n cambio de muda.<\/a><\/p>\n\n\n\n<p><a href=\"https:\/\/ceipclaracampoamormalaga.es\/wp-content\/uploads\/2025\/09\/Inscripcion-AULA-MEDIODIA.pdf\">Inscripci\u00f3n aula mediod\u00eda.<\/a><\/p>\n\n\n\n<p><a href=\"https:\/\/ceipclaracampoamormalaga.es\/wp-content\/uploads\/2020\/10\/Los-estatutos.pdf\">Los Estatutos.<\/a><\/p>\n\n\n\n<p><a href=\"https:\/\/ceipclaracampoamormalaga.es\/wp-content\/uploads\/2020\/10\/Proyecto-huerto.pdf\">Proyecto Huerto.<\/a><\/p>\n\n\n\n<p><strong>Actividades organizadas por el AMPA.<\/strong><\/p>\n\n\n\n<div class=\"wp-block-columns is-layout-flex wp-container-core-columns-is-layout-1 wp-block-columns-is-layout-flex\">\n<div class=\"wp-block-column is-layout-flow wp-block-column-is-layout-flow\">\n<figure class=\"wp-block-image size-large\"><img decoding=\"async\" src=\"https:\/\/ceipclaracampoamormalaga.es\/wp-content\/uploads\/2023\/10\/Ajedrez-1-730x1024.jpg\" alt=\"\" class=\"wp-image-960\"\/><\/figure>\n<\/div>\n\n\n\n<div class=\"wp-block-column is-layout-flow wp-block-column-is-layout-flow\">\n<figure class=\"wp-block-image size-large\"><img decoding=\"async\" src=\"https:\/\/ceipclaracampoamormalaga.es\/wp-content\/uploads\/2023\/10\/Ballet-1-699x1024.jpg\" alt=\"\" class=\"wp-image-961\"\/><\/figure>\n<\/div>\n\n\n\n<div class=\"wp-block-column is-layout-flow wp-block-column-is-layout-flow\">\n<figure class=\"wp-block-image size-large\"><img decoding=\"async\" src=\"https:\/\/ceipclaracampoamormalaga.es\/wp-content\/uploads\/2023\/10\/Karate-1-725x1024.jpg\" alt=\"\" class=\"wp-image-962\"\/><\/figure>\n<\/div>\n<\/div>\n\n\n\n<div class=\"wp-block-columns is-layout-flex wp-container-core-columns-is-layout-2 wp-block-columns-is-layout-flex\">\n<div class=\"wp-block-column is-layout-flow wp-block-column-is-layout-flow\">\n<figure class=\"wp-block-image size-large\"><img decoding=\"async\" src=\"https:\/\/ceipclaracampoamormalaga.es\/wp-content\/uploads\/2023\/10\/Rockbotic-1-778x1024.jpg\" alt=\"\" class=\"wp-image-964\"\/><\/figure>\n<\/div>\n\n\n\n<div class=\"wp-block-column is-layout-flow wp-block-column-is-layout-flow\">\n<figure class=\"wp-block-image size-large\"><img decoding=\"async\" src=\"https:\/\/ceipclaracampoamormalaga.es\/wp-content\/uploads\/2023\/10\/Yoga-1-730x1024.jpg\" alt=\"\" class=\"wp-image-965\"\/><\/figure>\n<\/div>\n\n\n\n<div class=\"wp-block-column is-layout-flow wp-block-column-is-layout-flow\"><\/div>\n<\/div>\n\n\n\n<p><\/p>\n","protected":false},"excerpt":{"rendered":"<p>Carta de presentaci\u00f3n. Inscripci\u00f3n socio. Inscripci\u00f3n cambio de muda. Inscripci\u00f3n aula mediod\u00eda. Los Estatutos. Proyecto Huerto. Actividades organizadas por el AMPA.<\/p>\n","protected":false},"author":1,"featured_media":0,"parent":0,"menu_order":0,"comment_status":"closed","ping_status":"closed","template":"","meta":{"footnotes":""},"class_list":["post-158","page","type-page","status-publish","hentry"],"_links":{"self":[{"href":"https:\/\/ceipclaracampoamormalaga.es\/index.php\/wp-json\/wp\/v2\/pages\/158","targetHints":{"allow":["GET"]}}],"collection":[{"href":"https:\/\/ceipclaracampoamormalaga.es\/index.php\/wp-json\/wp\/v2\/pages"}],"about":[{"href":"https:\/\/ceipclaracampoamormalaga.es\/index.php\/wp-json\/wp\/v2\/types\/page"}],"author":[{"embeddable":true,"href":"https:\/\/ceipclaracampoamormalaga.es\/index.php\/wp-json\/wp\/v2\/users\/1"}],"replies":[{"embeddable":true,"href":"https:\/\/ceipclaracampoamormalaga.es\/index.php\/wp-json\/wp\/v2\/comments?post=158"}],"version-history":[{"count":17,"href":"https:\/\/ceipclaracampoamormalaga.es\/index.php\/wp-json\/wp\/v2\/pages\/158\/revisions"}],"predecessor-version":[{"id":1242,"href":"https:\/\/ceipclaracampoamormalaga.es\/index.php\/wp-json\/wp\/v2\/pages\/158\/revisions\/1242"}],"wp:attachment":[{"href":"https:\/\/ceipclaracampoamormalaga.es\/index.php\/wp-json\/wp\/v2\/media?parent=158"}],"curies":[{"name":"wp","href":"https:\/\/api.w.org\/{rel}","templated":true}]}}