{"id":155,"date":"2020-10-20T10:43:20","date_gmt":"2020-10-20T10:43:20","guid":{"rendered":"https:\/\/ceipclaracampoamormalaga.es\/?page_id=155"},"modified":"2024-11-28T09:36:18","modified_gmt":"2024-11-28T09:36:18","slug":"plan-de-centros","status":"publish","type":"page","link":"https:\/\/ceipclaracampoamormalaga.es\/index.php\/plan-de-centros\/","title":{"rendered":"Plan de centros"},"content":{"rendered":"\n<p><a href=\"https:\/\/ceipclaracampoamormalaga.es\/wp-content\/uploads\/2024\/11\/Modificacion-Plan-de-centro-curso-2024_2025.pdf\">Modificaci\u00f3n al Plan de Centros<\/a><\/p>\n\n\n\n<p><strong>Proyecto educativo.<\/strong><\/p>\n\n\n<ul>\n<li><a href=\"https:\/\/ceipclaracampoamormalaga.es\/wp-content\/uploads\/2020\/10\/Contexto-Educativo.pdf\">Contexto educativo.<\/a><\/li>\n<li><a href=\"https:\/\/ceipclaracampoamormalaga.es\/wp-content\/uploads\/2024\/01\/Objetivos-propios-para-la-mejora-del-rendimiento-escolar.pdf\">Objetivos propios para la mejora del rendimiento escolar.<\/a><\/li>\n<li><a href=\"https:\/\/ceipclaracampoamormalaga.es\/wp-content\/uploads\/2024\/03\/Lineas-generales-de-actuacion-pedagogica.pdf\">L\u00edneas generales de actuaci\u00f3n pedag\u00f3gica.<\/a><\/li>\n<li><a href=\"https:\/\/ceipclaracampoamormalaga.es\/wp-content\/uploads\/2024\/01\/Coordinacion-y-concrecion-de-los-contenidos-curriculares-asi-como-el-tratamiento-de-la-Ed-Valores.pdf\">Coordinaci\u00f3n y concreci\u00f3n de los contenidos curriculares as\u00ed como el tratamiento de la Ed. Valores.<\/a><\/li>\n<li><a href=\"https:\/\/ceipclaracampoamormalaga.es\/wp-content\/uploads\/2024\/01\/Los-criterios-generales-para-la-elaboracion-de-las-programaciones-didacticas.pdf\">Criterios generales para la elaboraci\u00f3n de las programaciones did\u00e1cticas.<\/a><\/li>\n<li><a href=\"https:\/\/ceipclaracampoamormalaga.es\/wp-content\/uploads\/2024\/01\/Planes-Estrategicos-del-centro.pdf\">Planes estrat\u00e9gicos del centro.<\/a><\/li>\n<li><a href=\"https:\/\/ceipclaracampoamormalaga.es\/wp-content\/uploads\/2024\/01\/Plan-para-el-tratamiento-de-la-lectura.pdf\">Plan para el tratamiento de la lectura.<\/a><\/li>\n<li><a href=\"https:\/\/ceipclaracampoamormalaga.es\/wp-content\/uploads\/2024\/11\/Criterios-para-organizar-y-distribuir-el-tiempo-escolar-y-extraescolar.pdf\">Criterios para organizar y distribuir el tiempo escolar y extraescolar.<\/a><\/li>\n<li><a href=\"https:\/\/ceipclaracampoamormalaga.es\/wp-content\/uploads\/2024\/11\/Criterios-pedagogicos-para-la-determincion-del-horario-de-dedicacion-de-las-personas-responsables-de-los-organos-de-coordinacion-docente.pdf\">Criterios pedag\u00f3gicos para la determinaci\u00f3n del horario de dedicaci\u00f3n de las personas responsables de los \u00f3rganos de coordinaci\u00f3n docente.<\/a><\/li>\n<li><a href=\"https:\/\/ceipclaracampoamormalaga.es\/wp-content\/uploads\/2024\/11\/La-forma-de-atencion-a-la-diversidad-del-alumnado.pdf\">La forma de atenci\u00f3n a la diversidad del alumnado.<\/a><\/li>\n<li><a href=\"https:\/\/ceipclaracampoamormalaga.es\/wp-content\/uploads\/2024\/11\/Los-procedimientos-de-evaluacion-interna.pdf\">Los procedimientos de evaluaci\u00f3n interna.<\/a><\/li>\n<li><a href=\"https:\/\/ceipclaracampoamormalaga.es\/wp-content\/uploads\/2024\/11\/Objetivos-de-la-etapa-de-Ed-Primaria.pdf\">Objetivos de la etapa de Ed Primaria.<\/a><\/li>\n<li><a href=\"https:\/\/ceipclaracampoamormalaga.es\/wp-content\/uploads\/2024\/11\/Recreos-inclusivos.pdf\">Recreos inclusivos.<\/a><\/li>\n<li><a href=\"https:\/\/ceipclaracampoamormalaga.es\/wp-content\/uploads\/2024\/11\/Fomento-a-las-Matematicas-I.pdf\">Fomento a las Matem\u00e1ticas I.<\/a><\/li>\n<li><a href=\"https:\/\/ceipclaracampoamormalaga.es\/wp-content\/uploads\/2024\/01\/Gestion-de-emociones.pdf\">Gesti\u00f3n de emociones.<\/a><\/li>\n<li><a href=\"https:\/\/ceipclaracampoamormalaga.es\/wp-content\/uploads\/2024\/01\/Creciendo-en-salud.pdf\">Crecimiento en salud.<\/a><\/li>\n<li><a href=\"https:\/\/ceipclaracampoamormalaga.es\/wp-content\/uploads\/2023\/10\/Dando-pasitos-hacia-delante.pdf\">Dando pasitos hacia delante. Plan de Igualdad.<\/a><\/li>\n<li><a href=\"https:\/\/ceipclaracampoamormalaga.es\/wp-content\/uploads\/2023\/10\/Plan-estrategico-de-mejora.pdf\">Plan estrat\u00e9gico de mejora.<\/a><\/li>\n<li><a href=\"https:\/\/ceipclaracampoamormalaga.es\/wp-content\/uploads\/2023\/10\/Mejor-agarrados-de-las-manos.pdf\">M\u00e1s Equidad. Mejor agarrados de las manos.<\/a><\/li>\n<\/ul>\n<p><strong>R.O.F.<\/strong><\/p>\n<ul>\n<li><a href=\"https:\/\/ceipclaracampoamormalaga.es\/wp-content\/uploads\/2021\/12\/ROF.pdf\">R.O.F. (Reglamento de organizaci\u00f3n y funcionamiento).<\/a><\/li>\n<li><a href=\"https:\/\/ceipclaracampoamormalaga.es\/wp-content\/uploads\/2024\/11\/Resumen-del-ROF-2024-25.pdf\">Resumen R.O.F.\u00a0<\/a><\/li>\n<\/ul>\n<p><strong>Proyecto de gesti\u00f3n.<\/strong><\/p>\n<ul>\n<li><a href=\"https:\/\/ceipclaracampoamormalaga.es\/wp-content\/uploads\/2020\/10\/Proyecto-de-gestion.pdf\">Proyecto de gesti\u00f3n.<\/a><\/li>\n<li><a href=\"https:\/\/ceipclaracampoamormalaga.es\/wp-content\/uploads\/2020\/10\/Solicitud-cesion-de-instalaciones-puntual.pdf\">Solicitud cesi\u00f3n de instalaciones puntual.<\/a><\/li>\n<\/ul>\n<p><strong>Organizaci\u00f3n y criterios de refuerzo educativo.<\/strong><\/p>\n<ul>\n<li><a href=\"https:\/\/ceipclaracampoamormalaga.es\/wp-content\/uploads\/2020\/10\/Anexo-I.pdf\">Anexo I.<\/a><\/li>\n<li><a href=\"https:\/\/ceipclaracampoamormalaga.es\/wp-content\/uploads\/2020\/10\/Anexo-II.pdf\">Anexo II.<\/a><\/li>\n<li><a href=\"https:\/\/ceipclaracampoamormalaga.es\/wp-content\/uploads\/2020\/10\/Organizacion-de-las-actividades-de-refuerzo.pdf\">Organizaci\u00f3n de las actividades de refuerzo.<\/a><\/li>\n<\/ul>\n<p><strong>Normas de funcionamiento.<\/strong><\/p>\n<ul>\n<li><a href=\"https:\/\/ceipclaracampoamormalaga.es\/wp-content\/uploads\/2020\/10\/Informacion-General-del-centro.pdf\">Informaci\u00f3n general del centro.<\/a><\/li>\n<\/ul>\n<p><strong>Plan de convivencia.<\/strong><\/p>\n<ul>\n<li><a href=\"https:\/\/ceipclaracampoamormalaga.es\/wp-content\/uploads\/2020\/10\/Documento-base-para-informacion-a-los-delegados_as-de-padres-y-madres.pdf\">Documento base para informaci\u00f3n a los delegados\/as de padres y madres.<\/a><\/li>\n<li><a href=\"https:\/\/ceipclaracampoamormalaga.es\/wp-content\/uploads\/2023\/10\/Anexos-II-y-III-1.pdf\">Anexo II y III.<\/a><\/li>\n<li><a href=\"https:\/\/ceipclaracampoamormalaga.es\/wp-content\/uploads\/2020\/10\/Plan-de-convivencia.pdf\">Plan de convivencia.<\/a><\/li>\n<li><a href=\"https:\/\/ceipclaracampoamormalaga.es\/wp-content\/uploads\/2020\/10\/Procedimiento-de-compromisos-de-convivencia.pdf\">Procedimiento de compromiso de convivencia.<\/a><\/li>\n<li><a href=\"https:\/\/ceipclaracampoamormalaga.es\/wp-content\/uploads\/2021\/01\/Taller-de-convivencia-2o-Ciclo.pdf\">Taller de convivencia 2\u00ba ciclo.<\/a><\/li>\n<li><a href=\"https:\/\/ceipclaracampoamormalaga.es\/wp-content\/uploads\/2021\/01\/Taller-de-convivencia-3o-Ciclo.pdf\">Taller de convivencia 3\u00ba ciclo.<\/a><\/li>\n<\/ul>\n<p><strong>Educaci\u00f3n infantil curso.<\/strong><\/p>\n<ul>\n<li><a href=\"https:\/\/ceipclaracampoamormalaga.es\/wp-content\/uploads\/2024\/11\/Programacion-Ed-Infantil.pdf\">Propuesta pedag\u00f3gica anual infantil.<\/a><\/li>\n<\/ul>\n<p><strong>Programaciones curso 2024\/2025.<\/strong><\/p>\n<ul>\n<li><a href=\"https:\/\/ceipclaracampoamormalaga.es\/wp-content\/uploads\/2024\/11\/Programacion-de-Conocimiento-del-Medio.pdf\">Conocimiento del medio.<\/a><\/li>\n<li><a href=\"https:\/\/ceipclaracampoamormalaga.es\/wp-content\/uploads\/2024\/11\/Programacion-Ed.-Fisica.pdf\">Educaci\u00f3n f\u00edsica.<\/a><\/li>\n<li><a href=\"https:\/\/ceipclaracampoamormalaga.es\/wp-content\/uploads\/2024\/11\/Programacion-Frances.pdf\">Franc\u00e9s.<\/a><\/li>\n<li><a href=\"https:\/\/ceipclaracampoamormalaga.es\/wp-content\/uploads\/2024\/11\/Programacion-Ingles.pdf\">Ingl\u00e9s.<\/a><\/li>\n<li><a href=\"https:\/\/ceipclaracampoamormalaga.es\/wp-content\/uploads\/2024\/11\/Programacion-Matematicas.pdf\">Matem\u00e1ticas.<\/a><\/li>\n<li><a href=\"https:\/\/ceipclaracampoamormalaga.es\/wp-content\/uploads\/2024\/11\/Programacion-Religion.pdf\">Religi\u00f3n.<\/a><\/li>\n<li><a href=\"https:\/\/ceipclaracampoamormalaga.es\/wp-content\/uploads\/2024\/11\/Programacion-de-Lengua-y-Literatura.pdf\">Lengua y Literatura.<\/a><\/li>\n<\/ul>\n<p><strong>Planificaci\u00f3n de actividades conmemorativas y complementarias.<\/strong><\/p>\n<ul>\n<li><a href=\"https:\/\/ceipclaracampoamormalaga.es\/wp-content\/uploads\/2024\/11\/Ed-Infantil.pdf\">Educaci\u00f3n Infantil.<\/a><\/li>\n<li><a href=\"https:\/\/ceipclaracampoamormalaga.es\/wp-content\/uploads\/2024\/11\/Primer-Ciclo.pdf\">Primer ciclo Ed. Primaria.<\/a><\/li>\n<li><a href=\"https:\/\/ceipclaracampoamormalaga.es\/wp-content\/uploads\/2024\/11\/Segundo-Ciclo.pdf\">Segundo ciclo Ed Primaria.<\/a><\/li>\n<li><a href=\"https:\/\/ceipclaracampoamormalaga.es\/wp-content\/uploads\/2024\/11\/Tercer-Ciclo.pdf\">Tercer ciclo Ed. Primaria.<\/a><\/li>\n<li><a href=\"https:\/\/ceipclaracampoamormalaga.es\/wp-content\/uploads\/2024\/11\/Aula-especifica.pdf\">Aula Espec\u00edfica.<\/a><\/li>\n<\/ul>\n<p><strong>Evaluaci\u00f3n.<\/strong><\/p>\n<ul>\n<li><a href=\"https:\/\/ceipclaracampoamormalaga.es\/wp-content\/uploads\/2020\/11\/Criterios-de-Promocion-de-Educacion-Infantil.pdf\">Criterios de promoci\u00f3n y evaluaci\u00f3n de educaci\u00f3n infantil.\u00a0<\/a><\/li>\n<li><a href=\"https:\/\/ceipclaracampoamormalaga.es\/wp-content\/uploads\/2020\/11\/Criterios-y-procedimientos-de-evaluacion-en-Educacion-Primaria.pdf\">Criterios y procedimientos de evaluaci\u00f3n educaci\u00f3n primaria.\u00a0<\/a><\/li>\n<li>Criterios e instrumentos de calificaci\u00f3n Ed. Primar\u00eda.\n<ul>\n<li><a href=\"https:\/\/ceipclaracampoamormalaga.es\/wp-content\/uploads\/2024\/03\/1-Ciclo-de-Ed-Primaria.pdf\">1\u00ba Ciclo de Primaria.<\/a><\/li>\n<li><a href=\"https:\/\/ceipclaracampoamormalaga.es\/wp-content\/uploads\/2024\/03\/2-Ciclo-de-Ed-Primaria.pdf\">2\u00ba Ciclo de Primaria.<\/a><\/li>\n<li><a href=\"https:\/\/ceipclaracampoamormalaga.es\/wp-content\/uploads\/2024\/03\/3-Ciclo-de-Ed-Primaria.pdf\">3\u00ba Ciclo de Primaria.<\/a><\/li>\n<\/ul>\n<\/li>\n<li><a href=\"https:\/\/ceipclaracampoamormalaga.es\/wp-content\/uploads\/2020\/11\/Aspectos-relacionados-con-evaluacion-Procedimientos.pdf\">Aspectos relacionados con evaluaci\u00f3n Procedimientos.\u00a0<\/a><\/li>\n<li><a href=\"https:\/\/ceipclaracampoamormalaga.es\/wp-content\/uploads\/2020\/11\/Adecuacion-de-los-criterios-de-evaluacion-del-segundo-ciclo-de-educacion-infantil.pdf\">Adecuaci\u00f3n de los criterios de evaluaci\u00f3n del segundo ciclo de educaci\u00f3n infantil.\u00a0<\/a><\/li>\n<\/ul>\n<p><strong>Criterios pedag\u00f3gicos.<\/strong><\/p>\n<ul>\n<li><a href=\"https:\/\/ceipclaracampoamormalaga.es\/wp-content\/uploads\/2023\/05\/CRITERIOS-DE-AGRUPAMIENTO-PRIMARIA.pdf\">Criterios para agrupamientos y asignaci\u00f3n de tutor\u00edas.<\/a><\/li>\n<li><a href=\"https:\/\/ceipclaracampoamormalaga.es\/wp-content\/uploads\/2020\/11\/Criterios-para-organizar-y-distribuir-el-tiempo-escolar.pdf\">Criterios para organizar y distribuir el tiempo escolar.<\/a><\/li>\n<li><a href=\"https:\/\/ceipclaracampoamormalaga.es\/wp-content\/uploads\/2020\/11\/Criterios-para-organizar-y-distribuir-el-tiempo-escolar-y-extraescolar.pdf\">Criterios para organizar y distribuir el tiempo escolar y extraescolar.<\/a><\/li>\n<li><a href=\"https:\/\/ceipclaracampoamormalaga.es\/wp-content\/uploads\/2020\/11\/Modulos-horarios-en-Ed.-Primaria.pdf\">M\u00f3dulos horarios en Ed. Primaria.<\/a><\/li>\n<li><a href=\"https:\/\/ceipclaracampoamormalaga.es\/wp-content\/uploads\/2020\/11\/Horario-de-adaptacion-y-aceptacion-familia-Ed.-Infantil.pdf\">Horario de adaptaci\u00f3n y aceptaci\u00f3n familiar Ed. Infantil.<\/a><\/li>\n<li><a href=\"https:\/\/ceipclaracampoamormalaga.es\/wp-content\/uploads\/2020\/11\/Procedimiento-periodo-adaptacion-Ed.-Infantil.pdf\">Procedimiento peri\u00f3dico adaptaci\u00f3n Ed. Infantil.<\/a><\/li>\n<\/ul>\n\n\n<p><strong>Plan de orientaci\u00f3n y acci\u00f3n tutorial.<\/strong><\/p>\n\n\n<ul>\n<li><a href=\"https:\/\/ceipclaracampoamormalaga.es\/wp-content\/uploads\/2020\/11\/POAT.pdf\">POAT.<\/a><\/li>\n<li><a href=\"https:\/\/ceipclaracampoamormalaga.es\/wp-content\/uploads\/2020\/11\/Criterios-pedagogicos-de-atencion-a-la-diversidad.pdf\">Criterios pedag\u00f3gicos de atenci\u00f3n a la diversidad.<\/a><\/li>\n<li><a href=\"https:\/\/ceipclaracampoamormalaga.es\/wp-content\/uploads\/2023\/10\/Formas-de-atender-a-la-Diversidad-1.pdf\">Formas de atender a la diversidad.<\/a><\/li>\n<li><a href=\"https:\/\/ceipclaracampoamormalaga.es\/wp-content\/uploads\/2021\/12\/Criterios-para-la-integracion-de-alumnado-de-aula-especifica.pdf\">Criterios para la integraci\u00f3n del alumnado de aula espec\u00edfica en aula ordinar\u00eda.<\/a><\/li>\n<li><a href=\"https:\/\/ceipclaracampoamormalaga.es\/wp-content\/uploads\/2021\/12\/Plan-de-Formacion.pdf\">Plan de formaci\u00f3n.<\/a><\/li>\n<li><a href=\"https:\/\/ceipclaracampoamormalaga.es\/wp-content\/uploads\/2021\/12\/Transito-clara.pdf\">Tr\u00e1nsito clara.<\/a><\/li>\n<li><a href=\"https:\/\/ceipclaracampoamormalaga.es\/wp-content\/uploads\/2024\/11\/Plan-de-acogida.pdf\">Plan de acogida.<\/a><\/li>\n<\/ul>\n\n\n<p><strong>Proyectos aprobados en el centro.<\/strong><\/p>\n\n\n<ul>\n<li><a href=\"https:\/\/ceipclaracampoamormalaga.es\/wp-content\/uploads\/2020\/12\/Resumen-Planes-y-Proyectos-del-centro.pdf\">Resumen de planes y proyectos.<\/a><\/li>\n<li><a href=\"https:\/\/ceipclaracampoamormalaga.es\/wp-content\/uploads\/2020\/12\/Deporte-en-la-Escuela.pdf\">Deporte en la escuela.<\/a><\/li>\n<li><a href=\"https:\/\/ceipclaracampoamormalaga.es\/wp-content\/uploads\/2020\/12\/Proyecto-Escuela-Espacio-de-Paz.pdf\">Proyecto escuela espacio de paz.<\/a><\/li>\n<li><a href=\"https:\/\/ceipclaracampoamormalaga.es\/wp-content\/uploads\/2020\/12\/Plan-de-Igualdad.pdf\">Plan de igualdad.<\/a><\/li>\n<li><a href=\"https:\/\/ceipclaracampoamormalaga.es\/wp-content\/uploads\/2020\/12\/Grupo-Scout-Mare-Nostrum.pdf\">Grupo Scout Mare Nostrum.<\/a><\/li>\n<li><a href=\"https:\/\/ceipclaracampoamormalaga.es\/wp-content\/uploads\/2020\/12\/Club-Baloncesto-Andalucia-Promesas.pdf\">Club baloncesto andalucia promesas.<\/a><\/li>\n<li><a href=\"https:\/\/ceipclaracampoamormalaga.es\/wp-content\/uploads\/2020\/12\/Proyecto-Aldea.pdf\">Proyecto aldea.<\/a><\/li>\n<li><a href=\"https:\/\/ceipclaracampoamormalaga.es\/wp-content\/uploads\/2020\/12\/Plan-de-acompanamiento.pdf\">Plan de acompa\u00f1amiento.<\/a><\/li>\n<\/ul>\n\n\n<p><\/p>\n\n\n\n<p><\/p>\n","protected":false},"excerpt":{"rendered":"<p>Modificaci\u00f3n al Plan de Centros Proyecto educativo. Contexto educativo. Objetivos propios para la mejora del rendimiento escolar. L\u00edneas generales de actuaci\u00f3n pedag\u00f3gica. Coordinaci\u00f3n y concreci\u00f3n de los contenidos curriculares as\u00ed como el tratamiento de la Ed. Valores. Criterios generales para &hellip; <a href=\"https:\/\/ceipclaracampoamormalaga.es\/index.php\/plan-de-centros\/\">Sigue leyendo <span class=\"meta-nav\">&rarr;<\/span><\/a><\/p>\n","protected":false},"author":1,"featured_media":0,"parent":0,"menu_order":0,"comment_status":"closed","ping_status":"closed","template":"","meta":{"footnotes":""},"class_list":["post-155","page","type-page","status-publish","hentry"],"_links":{"self":[{"href":"https:\/\/ceipclaracampoamormalaga.es\/index.php\/wp-json\/wp\/v2\/pages\/155","targetHints":{"allow":["GET"]}}],"collection":[{"href":"https:\/\/ceipclaracampoamormalaga.es\/index.php\/wp-json\/wp\/v2\/pages"}],"about":[{"href":"https:\/\/ceipclaracampoamormalaga.es\/index.php\/wp-json\/wp\/v2\/types\/page"}],"author":[{"embeddable":true,"href":"https:\/\/ceipclaracampoamormalaga.es\/index.php\/wp-json\/wp\/v2\/users\/1"}],"replies":[{"embeddable":true,"href":"https:\/\/ceipclaracampoamormalaga.es\/index.php\/wp-json\/wp\/v2\/comments?post=155"}],"version-history":[{"count":268,"href":"https:\/\/ceipclaracampoamormalaga.es\/index.php\/wp-json\/wp\/v2\/pages\/155\/revisions"}],"predecessor-version":[{"id":1182,"href":"https:\/\/ceipclaracampoamormalaga.es\/index.php\/wp-json\/wp\/v2\/pages\/155\/revisions\/1182"}],"wp:attachment":[{"href":"https:\/\/ceipclaracampoamormalaga.es\/index.php\/wp-json\/wp\/v2\/media?parent=155"}],"curies":[{"name":"wp","href":"https:\/\/api.w.org\/{rel}","templated":true}]}}